{"id":128,"date":"2025-10-29T10:13:12","date_gmt":"2025-10-29T10:13:12","guid":{"rendered":"https:\/\/cosma-events.com\/?page_id=128"},"modified":"2025-10-30T12:46:55","modified_gmt":"2025-10-30T12:46:55","slug":"media","status":"publish","type":"page","link":"https:\/\/cosma-events.com\/index.php\/media\/","title":{"rendered":"Media"},"content":{"rendered":"\n<div class=\"wp-block-cover alignfull is-light\" style=\"min-height:700px;aspect-ratio:unset;\"><img loading=\"lazy\" decoding=\"async\" width=\"1024\" height=\"683\" class=\"wp-block-cover__image-background wp-image-135 size-large\" alt=\"\" src=\"https:\/\/cosma-events.com\/wp-content\/uploads\/2025\/10\/media-cosma-2-1024x683.jpg\" style=\"object-position:69% 64%\" data-object-fit=\"cover\" data-object-position=\"69% 64%\" srcset=\"https:\/\/cosma-events.com\/wp-content\/uploads\/2025\/10\/media-cosma-2-1024x683.jpg 1024w, https:\/\/cosma-events.com\/wp-content\/uploads\/2025\/10\/media-cosma-2-300x200.jpg 300w, https:\/\/cosma-events.com\/wp-content\/uploads\/2025\/10\/media-cosma-2-768x512.jpg 768w, https:\/\/cosma-events.com\/wp-content\/uploads\/2025\/10\/media-cosma-2-930x620.jpg 930w, https:\/\/cosma-events.com\/wp-content\/uploads\/2025\/10\/media-cosma-2.jpg 1200w\" sizes=\"auto, (max-width: 1024px) 100vw, 1024px\" \/><span aria-hidden=\"true\" class=\"wp-block-cover__background has-neve-link-hover-color-background-color has-background-dim\"><\/span><div class=\"wp-block-cover__inner-container is-layout-flow wp-block-cover-is-layout-flow\">\n<h1 class=\"wp-block-heading has-text-align-center has-white-color has-text-color\">Media<\/h1>\n<\/div><\/div>\n\n\n\n<div class=\"wp-block-group alignfull has-nv-site-bg-background-color has-background\"><div class=\"wp-block-group__inner-container is-layout-flow wp-block-group-is-layout-flow\">\n<div style=\"height:70px\" aria-hidden=\"true\" class=\"wp-block-spacer\"><\/div>\n\n\n\n<div class=\"wp-block-columns alignwide are-vertically-aligned-center is-layout-flex wp-container-core-columns-is-layout-9d6595d7 wp-block-columns-is-layout-flex\">\n<div class=\"wp-block-column is-layout-flow wp-block-column-is-layout-flow\" style=\"flex-basis:50%\">\n<p class=\"has-text-color\" style=\"color:#000000;font-size:30px;line-height:1.1\"><strong>CREER, RACONTER &amp; VALORISER<\/strong><\/p>\n<\/div>\n\n\n\n<div class=\"wp-block-column is-layout-flow wp-block-column-is-layout-flow\" style=\"flex-basis:50%\">\n<hr class=\"wp-block-separator has-text-color has-css-opacity has-background is-style-wide\" style=\"background-color:#000000;color:#000000\"\/>\n<\/div>\n<\/div>\n\n\n\n<div class=\"wp-block-columns alignwide is-layout-flex wp-container-core-columns-is-layout-9d6595d7 wp-block-columns-is-layout-flex\">\n<div class=\"wp-block-column is-layout-flow wp-block-column-is-layout-flow\">\n<p class=\"has-text-color has-extra-small-font-size\" style=\"color:#000000\">N\u00e9e dans la continuit\u00e9 de l\u2019expertise \u00e9v\u00e9nementielle, Cosma Events incarne la volont\u00e9 de donner une voix durable aux territoires, \u00e0 leur patrimoine et \u00e0 leurs acteurs. Fond\u00e9e sur une conviction forte, le m\u00e9dia comme outil de valorisation et de transmission, Cosma Events d\u00e9veloppe des productions \u00e0 la crois\u00e9e du documentaire, du digital et du storytelling territorial.<\/p>\n\n\n\n<p>En s\u2019appuyant sur les technologies les plus r\u00e9centes et sur une \u00e9quipe de cr\u00e9ateurs passionn\u00e9s, Cosma Events con\u00e7oit des r\u00e9cits puissants, porteurs de sens et d\u2019\u00e9motion.<\/p>\n<\/div>\n<\/div>\n\n\n\n<div class=\"wp-block-group alignfull has-text-color has-background\" style=\"color:#000000;background-color:#ffffff\"><div class=\"wp-block-group__inner-container is-layout-flow wp-block-group-is-layout-flow\">\n<div style=\"height:30px\" aria-hidden=\"true\" class=\"wp-block-spacer\"><\/div>\n\n\n\n<div class=\"wp-block-buttons is-horizontal is-content-justification-center is-layout-flex wp-container-core-buttons-is-layout-499968f5 wp-block-buttons-is-layout-flex\">\n<div class=\"wp-block-button has-custom-width wp-block-button__width-50\"><a class=\"wp-block-button__link has-neve-link-hover-color-background-color has-text-color has-background wp-element-button\" style=\"border-radius:50px;color:#ffffff\">Nous contacter<\/a><\/div>\n<\/div>\n\n\n\n<div style=\"height:64px\" aria-hidden=\"true\" class=\"wp-block-spacer\"><\/div>\n<\/div><\/div>\n\n\n\n<div class=\"wp-block-columns is-layout-flex wp-container-core-columns-is-layout-883b5be3 wp-block-columns-is-layout-flex\" style=\"border-style:none;border-width:0%;padding-top:0;padding-right:var(--wp--preset--spacing--50);padding-bottom:0;padding-left:var(--wp--preset--spacing--50)\">\n<div class=\"wp-block-column is-layout-flow wp-block-column-is-layout-flow\">\n<div class=\"wp-block-columns is-layout-flex wp-container-core-columns-is-layout-9d6595d7 wp-block-columns-is-layout-flex\">\n<div class=\"wp-block-column is-layout-flow wp-block-column-is-layout-flow\">\n<figure class=\"wp-block-embed is-type-video is-provider-youtube wp-block-embed-youtube wp-embed-aspect-16-9 wp-has-aspect-ratio\"><div class=\"wp-block-embed__wrapper\">\n<div class=\"nv-iframe-embed\"><iframe loading=\"lazy\" title=\"Sud Raid Adventure Race 2021 - Episode 1\" width=\"1200\" height=\"675\" src=\"https:\/\/www.youtube.com\/embed\/u5r3JzU_G10?feature=oembed\" frameborder=\"0\" allow=\"accelerometer; autoplay; clipboard-write; encrypted-media; gyroscope; picture-in-picture; web-share\" referrerpolicy=\"strict-origin-when-cross-origin\" allowfullscreen><\/iframe><\/div>\n<\/div><\/figure>\n<\/div>\n\n\n\n<div class=\"wp-block-column is-layout-flow wp-block-column-is-layout-flow\">\n<figure class=\"wp-block-embed is-type-video is-provider-youtube wp-block-embed-youtube wp-embed-aspect-16-9 wp-has-aspect-ratio\"><div class=\"wp-block-embed__wrapper\">\n<div class=\"nv-iframe-embed\"><iframe loading=\"lazy\" title=\"Sud Raid Adventure Race 2021 - Episode 2\" width=\"1200\" height=\"675\" src=\"https:\/\/www.youtube.com\/embed\/ZVZwKLO5ClA?feature=oembed\" frameborder=\"0\" allow=\"accelerometer; autoplay; clipboard-write; encrypted-media; gyroscope; picture-in-picture; web-share\" referrerpolicy=\"strict-origin-when-cross-origin\" allowfullscreen><\/iframe><\/div>\n<\/div><\/figure>\n<\/div>\n<\/div>\n<\/div>\n\n\n\n<div class=\"wp-block-column is-layout-flow wp-block-column-is-layout-flow\">\n<div class=\"wp-block-columns is-layout-flex wp-container-core-columns-is-layout-9d6595d7 wp-block-columns-is-layout-flex\">\n<div class=\"wp-block-column is-layout-flow wp-block-column-is-layout-flow\">\n<figure class=\"wp-block-embed is-type-video is-provider-youtube wp-block-embed-youtube wp-embed-aspect-16-9 wp-has-aspect-ratio\"><div class=\"wp-block-embed__wrapper\">\n<div class=\"nv-iframe-embed\"><iframe loading=\"lazy\" title=\"Sud Raid Adventure Race 2021 - Episode 3\" width=\"1200\" height=\"675\" src=\"https:\/\/www.youtube.com\/embed\/VtM2h5EPvmQ?feature=oembed\" frameborder=\"0\" allow=\"accelerometer; autoplay; clipboard-write; encrypted-media; gyroscope; picture-in-picture; web-share\" referrerpolicy=\"strict-origin-when-cross-origin\" allowfullscreen><\/iframe><\/div>\n<\/div><\/figure>\n<\/div>\n\n\n\n<div class=\"wp-block-column is-layout-flow wp-block-column-is-layout-flow\">\n<figure class=\"wp-block-embed is-type-video is-provider-youtube wp-block-embed-youtube wp-embed-aspect-16-9 wp-has-aspect-ratio\"><div class=\"wp-block-embed__wrapper\">\n<div class=\"nv-iframe-embed\"><iframe loading=\"lazy\" title=\"Sud Raid Adventure Race 2021 - Episode 4\" width=\"1200\" height=\"675\" src=\"https:\/\/www.youtube.com\/embed\/X87VcdV4TR0?feature=oembed\" frameborder=\"0\" allow=\"accelerometer; autoplay; clipboard-write; encrypted-media; gyroscope; picture-in-picture; web-share\" referrerpolicy=\"strict-origin-when-cross-origin\" allowfullscreen><\/iframe><\/div>\n<\/div><\/figure>\n<\/div>\n<\/div>\n<\/div>\n<\/div>\n\n\n\n<div class=\"wp-block-columns is-layout-flex wp-container-core-columns-is-layout-883b5be3 wp-block-columns-is-layout-flex\" style=\"border-style:none;border-width:0%;padding-top:0;padding-right:var(--wp--preset--spacing--50);padding-bottom:0;padding-left:var(--wp--preset--spacing--50)\">\n<div class=\"wp-block-column is-layout-flow wp-block-column-is-layout-flow\">\n<div class=\"wp-block-columns is-layout-flex wp-container-core-columns-is-layout-9d6595d7 wp-block-columns-is-layout-flex\">\n<div class=\"wp-block-column is-layout-flow wp-block-column-is-layout-flow\">\n<figure class=\"wp-block-embed is-type-video is-provider-youtube wp-block-embed-youtube wp-embed-aspect-16-9 wp-has-aspect-ratio\"><div class=\"wp-block-embed__wrapper\">\n<div class=\"nv-iframe-embed\"><iframe loading=\"lazy\" title=\"Sud Raid Adventure Race - A1 World Cup Europe 2023 [EP-1]\" width=\"1200\" height=\"675\" src=\"https:\/\/www.youtube.com\/embed\/OhW_KGbSw78?feature=oembed\" frameborder=\"0\" allow=\"accelerometer; autoplay; clipboard-write; encrypted-media; gyroscope; picture-in-picture; web-share\" referrerpolicy=\"strict-origin-when-cross-origin\" allowfullscreen><\/iframe><\/div>\n<\/div><\/figure>\n<\/div>\n\n\n\n<div class=\"wp-block-column is-layout-flow wp-block-column-is-layout-flow\">\n<figure class=\"wp-block-embed is-type-video is-provider-youtube wp-block-embed-youtube wp-embed-aspect-16-9 wp-has-aspect-ratio\"><div class=\"wp-block-embed__wrapper\">\n<div class=\"nv-iframe-embed\"><iframe loading=\"lazy\" title=\"Sud Raid Adventure Race - A1 World Cup Europe 2023 [EP-2]\" width=\"1200\" height=\"675\" src=\"https:\/\/www.youtube.com\/embed\/mNPsdiD4Xqg?feature=oembed\" frameborder=\"0\" allow=\"accelerometer; autoplay; clipboard-write; encrypted-media; gyroscope; picture-in-picture; web-share\" referrerpolicy=\"strict-origin-when-cross-origin\" allowfullscreen><\/iframe><\/div>\n<\/div><\/figure>\n<\/div>\n<\/div>\n<\/div>\n\n\n\n<div class=\"wp-block-column is-layout-flow wp-block-column-is-layout-flow\">\n<div class=\"wp-block-columns is-layout-flex wp-container-core-columns-is-layout-9d6595d7 wp-block-columns-is-layout-flex\">\n<div class=\"wp-block-column is-layout-flow wp-block-column-is-layout-flow\">\n<figure class=\"wp-block-embed is-type-video is-provider-youtube wp-block-embed-youtube wp-embed-aspect-16-9 wp-has-aspect-ratio\"><div class=\"wp-block-embed__wrapper\">\n<div class=\"nv-iframe-embed\"><iframe loading=\"lazy\" title=\"Sud Raid Adventure Race - A1 World Cup Europe 2023 [EP-3]\" width=\"1200\" height=\"675\" src=\"https:\/\/www.youtube.com\/embed\/NzPU7doSbwY?feature=oembed\" frameborder=\"0\" allow=\"accelerometer; autoplay; clipboard-write; encrypted-media; gyroscope; picture-in-picture; web-share\" referrerpolicy=\"strict-origin-when-cross-origin\" allowfullscreen><\/iframe><\/div>\n<\/div><\/figure>\n<\/div>\n\n\n\n<div class=\"wp-block-column is-layout-flow wp-block-column-is-layout-flow\">\n<figure class=\"wp-block-embed is-type-video is-provider-youtube wp-block-embed-youtube wp-embed-aspect-16-9 wp-has-aspect-ratio\"><div class=\"wp-block-embed__wrapper\">\n<div class=\"nv-iframe-embed\"><iframe loading=\"lazy\" title=\"Sud Raid Adventure Race - A1 World Cup Europe 2023 [EP-4]\" width=\"1200\" height=\"675\" src=\"https:\/\/www.youtube.com\/embed\/UJ75sEQZzE8?feature=oembed\" frameborder=\"0\" allow=\"accelerometer; autoplay; clipboard-write; encrypted-media; gyroscope; picture-in-picture; web-share\" referrerpolicy=\"strict-origin-when-cross-origin\" allowfullscreen><\/iframe><\/div>\n<\/div><\/figure>\n<\/div>\n<\/div>\n<\/div>\n<\/div>\n<\/div><\/div>\n\n\n\n<figure class=\"wp-block-gallery alignwide has-nested-images columns-default is-cropped wp-block-gallery-1 is-layout-flex wp-block-gallery-is-layout-flex\">\n<figure class=\"wp-block-image size-full\"><img loading=\"lazy\" decoding=\"async\" width=\"831\" height=\"1000\" data-id=\"134\" src=\"https:\/\/cosma-events.com\/wp-content\/uploads\/2025\/10\/media-cosma.jpg\" alt=\"\" class=\"wp-image-134\" srcset=\"https:\/\/cosma-events.com\/wp-content\/uploads\/2025\/10\/media-cosma.jpg 831w, https:\/\/cosma-events.com\/wp-content\/uploads\/2025\/10\/media-cosma-249x300.jpg 249w, https:\/\/cosma-events.com\/wp-content\/uploads\/2025\/10\/media-cosma-768x924.jpg 768w\" sizes=\"auto, (max-width: 831px) 100vw, 831px\" \/><\/figure>\n\n\n\n<figure class=\"wp-block-image size-full\"><img loading=\"lazy\" decoding=\"async\" width=\"831\" height=\"1000\" data-id=\"124\" src=\"https:\/\/cosma-events.com\/wp-content\/uploads\/2025\/10\/evenement-cosma-4.jpg\" alt=\"\" class=\"wp-image-124\" srcset=\"https:\/\/cosma-events.com\/wp-content\/uploads\/2025\/10\/evenement-cosma-4.jpg 831w, https:\/\/cosma-events.com\/wp-content\/uploads\/2025\/10\/evenement-cosma-4-249x300.jpg 249w, https:\/\/cosma-events.com\/wp-content\/uploads\/2025\/10\/evenement-cosma-4-768x924.jpg 768w\" sizes=\"auto, (max-width: 831px) 100vw, 831px\" \/><\/figure>\n<\/figure>\n\n\n\n<p><\/p>\n","protected":false},"excerpt":{"rendered":"<p>CREER, RACONTER &amp; VALORISER N\u00e9e dans la continuit\u00e9 de l\u2019expertise \u00e9v\u00e9nementielle, Cosma Events incarne la volont\u00e9 de donner une voix durable aux territoires, \u00e0 leur patrimoine et \u00e0 leurs acteurs. Fond\u00e9e sur une conviction forte, le m\u00e9dia comme outil de valorisation et de transmission, Cosma Events d\u00e9veloppe des productions \u00e0 la crois\u00e9e du documentaire, du&hellip;&nbsp;<a href=\"https:\/\/cosma-events.com\/index.php\/media\/\" rel=\"bookmark\"><span class=\"screen-reader-text\">Media<\/span><\/a><\/p>\n","protected":false},"author":2,"featured_media":0,"parent":0,"menu_order":0,"comment_status":"closed","ping_status":"closed","template":"","meta":{"neve_meta_sidebar":"","neve_meta_container":"","neve_meta_enable_content_width":"","neve_meta_content_width":0,"neve_meta_title_alignment":"","neve_meta_author_avatar":"","neve_post_elements_order":"","neve_meta_disable_header":"","neve_meta_disable_footer":"","neve_meta_disable_title":"on","footnotes":""},"class_list":["post-128","page","type-page","status-publish","hentry"],"yoast_head":"<!-- This site is optimized with the Yoast SEO plugin v26.2 - https:\/\/yoast.com\/wordpress\/plugins\/seo\/ -->\n<title>Media - Cosma Events<\/title>\n<meta name=\"robots\" content=\"index, follow, max-snippet:-1, max-image-preview:large, max-video-preview:-1\" \/>\n<link rel=\"canonical\" href=\"https:\/\/cosma-events.com\/index.php\/media\/\" \/>\n<meta property=\"og:locale\" content=\"fr_FR\" \/>\n<meta property=\"og:type\" content=\"article\" \/>\n<meta property=\"og:title\" content=\"Media - Cosma Events\" \/>\n<meta property=\"og:description\" content=\"CREER, RACONTER &amp; VALORISER N\u00e9e dans la continuit\u00e9 de l\u2019expertise \u00e9v\u00e9nementielle, Cosma Events incarne la volont\u00e9 de donner une voix durable aux territoires, \u00e0 leur patrimoine et \u00e0 leurs acteurs. Fond\u00e9e sur une conviction forte, le m\u00e9dia comme outil de valorisation et de transmission, Cosma Events d\u00e9veloppe des productions \u00e0 la crois\u00e9e du documentaire, du&hellip;&nbsp;Media\" \/>\n<meta property=\"og:url\" content=\"https:\/\/cosma-events.com\/index.php\/media\/\" \/>\n<meta property=\"og:site_name\" content=\"Cosma Events\" \/>\n<meta property=\"article:modified_time\" content=\"2025-10-30T12:46:55+00:00\" \/>\n<meta property=\"og:image\" content=\"https:\/\/cosma-events.com\/wp-content\/uploads\/2025\/10\/media-cosma-2.jpg\" \/>\n\t<meta property=\"og:image:width\" content=\"1200\" \/>\n\t<meta property=\"og:image:height\" content=\"800\" \/>\n\t<meta property=\"og:image:type\" content=\"image\/jpeg\" \/>\n<meta name=\"twitter:card\" content=\"summary_large_image\" \/>\n<meta name=\"twitter:label1\" content=\"Dur\u00e9e de lecture estim\u00e9e\" \/>\n\t<meta name=\"twitter:data1\" content=\"2 minutes\" \/>\n<script type=\"application\/ld+json\" class=\"yoast-schema-graph\">{\"@context\":\"https:\/\/schema.org\",\"@graph\":[{\"@type\":\"WebPage\",\"@id\":\"https:\/\/cosma-events.com\/index.php\/media\/\",\"url\":\"https:\/\/cosma-events.com\/index.php\/media\/\",\"name\":\"Media - Cosma Events\",\"isPartOf\":{\"@id\":\"https:\/\/cosma-events.com\/#website\"},\"primaryImageOfPage\":{\"@id\":\"https:\/\/cosma-events.com\/index.php\/media\/#primaryimage\"},\"image\":{\"@id\":\"https:\/\/cosma-events.com\/index.php\/media\/#primaryimage\"},\"thumbnailUrl\":\"https:\/\/cosma-events.com\/wp-content\/uploads\/2025\/10\/media-cosma-2-1024x683.jpg\",\"datePublished\":\"2025-10-29T10:13:12+00:00\",\"dateModified\":\"2025-10-30T12:46:55+00:00\",\"breadcrumb\":{\"@id\":\"https:\/\/cosma-events.com\/index.php\/media\/#breadcrumb\"},\"inLanguage\":\"fr-FR\",\"potentialAction\":[{\"@type\":\"ReadAction\",\"target\":[\"https:\/\/cosma-events.com\/index.php\/media\/\"]}]},{\"@type\":\"ImageObject\",\"inLanguage\":\"fr-FR\",\"@id\":\"https:\/\/cosma-events.com\/index.php\/media\/#primaryimage\",\"url\":\"https:\/\/cosma-events.com\/wp-content\/uploads\/2025\/10\/media-cosma-2.jpg\",\"contentUrl\":\"https:\/\/cosma-events.com\/wp-content\/uploads\/2025\/10\/media-cosma-2.jpg\",\"width\":1200,\"height\":800},{\"@type\":\"BreadcrumbList\",\"@id\":\"https:\/\/cosma-events.com\/index.php\/media\/#breadcrumb\",\"itemListElement\":[{\"@type\":\"ListItem\",\"position\":1,\"name\":\"Accueil\",\"item\":\"https:\/\/cosma-events.com\/\"},{\"@type\":\"ListItem\",\"position\":2,\"name\":\"Media\"}]},{\"@type\":\"WebSite\",\"@id\":\"https:\/\/cosma-events.com\/#website\",\"url\":\"https:\/\/cosma-events.com\/\",\"name\":\"Cosma Events\",\"description\":\"\",\"potentialAction\":[{\"@type\":\"SearchAction\",\"target\":{\"@type\":\"EntryPoint\",\"urlTemplate\":\"https:\/\/cosma-events.com\/?s={search_term_string}\"},\"query-input\":{\"@type\":\"PropertyValueSpecification\",\"valueRequired\":true,\"valueName\":\"search_term_string\"}}],\"inLanguage\":\"fr-FR\"}]}<\/script>\n<!-- \/ Yoast SEO plugin. -->","yoast_head_json":{"title":"Media - Cosma Events","robots":{"index":"index","follow":"follow","max-snippet":"max-snippet:-1","max-image-preview":"max-image-preview:large","max-video-preview":"max-video-preview:-1"},"canonical":"https:\/\/cosma-events.com\/index.php\/media\/","og_locale":"fr_FR","og_type":"article","og_title":"Media - Cosma Events","og_description":"CREER, RACONTER &amp; VALORISER N\u00e9e dans la continuit\u00e9 de l\u2019expertise \u00e9v\u00e9nementielle, Cosma Events incarne la volont\u00e9 de donner une voix durable aux territoires, \u00e0 leur patrimoine et \u00e0 leurs acteurs. Fond\u00e9e sur une conviction forte, le m\u00e9dia comme outil de valorisation et de transmission, Cosma Events d\u00e9veloppe des productions \u00e0 la crois\u00e9e du documentaire, du&hellip;&nbsp;Media","og_url":"https:\/\/cosma-events.com\/index.php\/media\/","og_site_name":"Cosma Events","article_modified_time":"2025-10-30T12:46:55+00:00","og_image":[{"width":1200,"height":800,"url":"https:\/\/cosma-events.com\/wp-content\/uploads\/2025\/10\/media-cosma-2.jpg","type":"image\/jpeg"}],"twitter_card":"summary_large_image","twitter_misc":{"Dur\u00e9e de lecture estim\u00e9e":"2 minutes"},"schema":{"@context":"https:\/\/schema.org","@graph":[{"@type":"WebPage","@id":"https:\/\/cosma-events.com\/index.php\/media\/","url":"https:\/\/cosma-events.com\/index.php\/media\/","name":"Media - Cosma Events","isPartOf":{"@id":"https:\/\/cosma-events.com\/#website"},"primaryImageOfPage":{"@id":"https:\/\/cosma-events.com\/index.php\/media\/#primaryimage"},"image":{"@id":"https:\/\/cosma-events.com\/index.php\/media\/#primaryimage"},"thumbnailUrl":"https:\/\/cosma-events.com\/wp-content\/uploads\/2025\/10\/media-cosma-2-1024x683.jpg","datePublished":"2025-10-29T10:13:12+00:00","dateModified":"2025-10-30T12:46:55+00:00","breadcrumb":{"@id":"https:\/\/cosma-events.com\/index.php\/media\/#breadcrumb"},"inLanguage":"fr-FR","potentialAction":[{"@type":"ReadAction","target":["https:\/\/cosma-events.com\/index.php\/media\/"]}]},{"@type":"ImageObject","inLanguage":"fr-FR","@id":"https:\/\/cosma-events.com\/index.php\/media\/#primaryimage","url":"https:\/\/cosma-events.com\/wp-content\/uploads\/2025\/10\/media-cosma-2.jpg","contentUrl":"https:\/\/cosma-events.com\/wp-content\/uploads\/2025\/10\/media-cosma-2.jpg","width":1200,"height":800},{"@type":"BreadcrumbList","@id":"https:\/\/cosma-events.com\/index.php\/media\/#breadcrumb","itemListElement":[{"@type":"ListItem","position":1,"name":"Accueil","item":"https:\/\/cosma-events.com\/"},{"@type":"ListItem","position":2,"name":"Media"}]},{"@type":"WebSite","@id":"https:\/\/cosma-events.com\/#website","url":"https:\/\/cosma-events.com\/","name":"Cosma Events","description":"","potentialAction":[{"@type":"SearchAction","target":{"@type":"EntryPoint","urlTemplate":"https:\/\/cosma-events.com\/?s={search_term_string}"},"query-input":{"@type":"PropertyValueSpecification","valueRequired":true,"valueName":"search_term_string"}}],"inLanguage":"fr-FR"}]}},"_links":{"self":[{"href":"https:\/\/cosma-events.com\/index.php\/wp-json\/wp\/v2\/pages\/128","targetHints":{"allow":["GET"]}}],"collection":[{"href":"https:\/\/cosma-events.com\/index.php\/wp-json\/wp\/v2\/pages"}],"about":[{"href":"https:\/\/cosma-events.com\/index.php\/wp-json\/wp\/v2\/types\/page"}],"author":[{"embeddable":true,"href":"https:\/\/cosma-events.com\/index.php\/wp-json\/wp\/v2\/users\/2"}],"replies":[{"embeddable":true,"href":"https:\/\/cosma-events.com\/index.php\/wp-json\/wp\/v2\/comments?post=128"}],"version-history":[{"count":7,"href":"https:\/\/cosma-events.com\/index.php\/wp-json\/wp\/v2\/pages\/128\/revisions"}],"predecessor-version":[{"id":320,"href":"https:\/\/cosma-events.com\/index.php\/wp-json\/wp\/v2\/pages\/128\/revisions\/320"}],"wp:attachment":[{"href":"https:\/\/cosma-events.com\/index.php\/wp-json\/wp\/v2\/media?parent=128"}],"curies":[{"name":"wp","href":"https:\/\/api.w.org\/{rel}","templated":true}]}}