{"id":145,"date":"2025-10-29T10:39:32","date_gmt":"2025-10-29T10:39:32","guid":{"rendered":"https:\/\/cosma-events.com\/?page_id=145"},"modified":"2026-03-06T08:10:48","modified_gmt":"2026-03-06T08:10:48","slug":"offre-entreprise","status":"publish","type":"page","link":"https:\/\/cosma-events.com\/index.php\/offre-entreprise\/","title":{"rendered":"Offre entreprise"},"content":{"rendered":"\n<div class=\"wp-block-cover alignfull is-light\" style=\"min-height:700px;aspect-ratio:unset;\"><img loading=\"lazy\" decoding=\"async\" width=\"1024\" height=\"768\" class=\"wp-block-cover__image-background wp-image-162 size-large\" alt=\"\" src=\"https:\/\/cosma-events.com\/wp-content\/uploads\/2025\/10\/cosma-raid-entreprise-3-1024x768.jpg\" style=\"object-position:37% 63%\" data-object-fit=\"cover\" data-object-position=\"37% 63%\" srcset=\"https:\/\/cosma-events.com\/wp-content\/uploads\/2025\/10\/cosma-raid-entreprise-3-1024x768.jpg 1024w, https:\/\/cosma-events.com\/wp-content\/uploads\/2025\/10\/cosma-raid-entreprise-3-300x225.jpg 300w, https:\/\/cosma-events.com\/wp-content\/uploads\/2025\/10\/cosma-raid-entreprise-3-768x576.jpg 768w, https:\/\/cosma-events.com\/wp-content\/uploads\/2025\/10\/cosma-raid-entreprise-3.jpg 1200w\" sizes=\"auto, (max-width: 1024px) 100vw, 1024px\" \/><span aria-hidden=\"true\" class=\"wp-block-cover__background has-neve-link-hover-color-background-color has-background-dim\"><\/span><div class=\"wp-block-cover__inner-container is-layout-flow wp-block-cover-is-layout-flow\">\n<h1 class=\"wp-block-heading has-text-align-center has-white-color has-text-color\">Offre entreprise<\/h1>\n<\/div><\/div>\n\n\n\n<div class=\"wp-block-group alignfull has-nv-site-bg-background-color has-background\"><div class=\"wp-block-group__inner-container is-layout-flow wp-block-group-is-layout-flow\">\n<div style=\"height:70px\" aria-hidden=\"true\" class=\"wp-block-spacer\"><\/div>\n\n\n\n<div class=\"wp-block-columns alignwide are-vertically-aligned-center is-layout-flex wp-container-core-columns-is-layout-9d6595d7 wp-block-columns-is-layout-flex\">\n<div class=\"wp-block-column is-layout-flow wp-block-column-is-layout-flow\" style=\"flex-basis:50%\">\n<p class=\"has-text-color\" style=\"color:#000000;font-size:30px;line-height:1.1\"><strong>ADAPTE &amp; PERSONALISE<\/strong><\/p>\n<\/div>\n\n\n\n<div class=\"wp-block-column is-layout-flow wp-block-column-is-layout-flow\" style=\"flex-basis:50%\">\n<hr class=\"wp-block-separator has-text-color has-css-opacity has-background is-style-wide\" style=\"background-color:#000000;color:#000000\"\/>\n<\/div>\n<\/div>\n\n\n\n<div class=\"wp-block-columns alignwide is-layout-flex wp-container-core-columns-is-layout-9d6595d7 wp-block-columns-is-layout-flex\">\n<div class=\"wp-block-column is-layout-flow wp-block-column-is-layout-flow\">\n<p>Forte de son exp\u00e9rience dans l\u2019organisation de comp\u00e9titions internationales, Cosma Events met d\u00e9sormais son savoir-faire au service des entreprises. Cosma Events con\u00e7oit et r\u00e9alise des s\u00e9minaires, team buildings et projets d\u2019entreprise sur mesure, inspir\u00e9s des valeurs fortes du sport : esprit d\u2019\u00e9quipe, d\u00e9passement de soi, coh\u00e9sion et excellence. Chaque journ\u00e9e est pens\u00e9 comme une v\u00e9ritable exp\u00e9rience collective, cr\u00e9atrice de sens et de lien.<\/p>\n\n\n\n<p>Cosma Events transforme chaque projet en un levier de motivation, d\u2019innovation et de coh\u00e9sion. Une mani\u00e8re de faire vivre aux \u00e9quipes l\u2019intensit\u00e9, la pr\u00e9cision et la passion qui anime votre quotidien.<\/p>\n<\/div>\n<\/div>\n\n\n\n<div class=\"wp-block-group alignfull has-text-color has-background\" style=\"color:#000000;background-color:#ffffff\"><div class=\"wp-block-group__inner-container is-layout-flow wp-block-group-is-layout-flow\">\n<div style=\"height:30px\" aria-hidden=\"true\" class=\"wp-block-spacer\"><\/div>\n\n\n\n<div class=\"wp-block-buttons is-horizontal is-content-justification-center is-layout-flex wp-container-core-buttons-is-layout-499968f5 wp-block-buttons-is-layout-flex\">\n<div class=\"wp-block-button has-custom-width wp-block-button__width-50\"><a class=\"wp-block-button__link has-neve-link-hover-color-background-color has-text-color has-background wp-element-button\" href=\"mailto:cosma.events.seminaire@gmail.com\" style=\"border-radius:50px;color:#ffffff\" target=\"_blank\" rel=\"noreferrer noopener\">Nous contacter<\/a><\/div>\n<\/div>\n<\/div><\/div>\n\n\n\n<div style=\"height:70px\" aria-hidden=\"true\" class=\"wp-block-spacer\"><\/div>\n<\/div><\/div>\n\n\n\n<div class=\"wp-block-columns alignwide are-vertically-aligned-center is-layout-flex wp-container-core-columns-is-layout-9d6595d7 wp-block-columns-is-layout-flex\">\n<div class=\"wp-block-column is-layout-flow wp-block-column-is-layout-flow\" style=\"flex-basis:50%\">\n<p class=\"has-text-color\" style=\"color:#000000;font-size:30px;line-height:1.1\"><strong><strong>NOS OFFRES CLES EN MAIN<\/strong><\/strong><\/p>\n<\/div>\n\n\n\n<div class=\"wp-block-column is-layout-flow wp-block-column-is-layout-flow\" style=\"flex-basis:50%\">\n<hr class=\"wp-block-separator has-text-color has-css-opacity has-background is-style-wide\" style=\"background-color:#000000;color:#000000\"\/>\n<\/div>\n<\/div>\n\n\n\n<div class=\"wp-block-group alignfull has-nv-site-bg-background-color has-background\"><div class=\"wp-block-group__inner-container is-layout-flow wp-block-group-is-layout-flow\">\n<div class=\"wp-block-group alignfull has-text-color has-background\" style=\"color:#000000;background-color:#ffffff\"><div class=\"wp-block-group__inner-container is-layout-flow wp-block-group-is-layout-flow\">\n<div style=\"height:30px\" aria-hidden=\"true\" class=\"wp-block-spacer\"><\/div>\n\n\n\n<div class=\"wp-block-cover alignfull\" style=\"min-height:500px;aspect-ratio:unset;\"><img loading=\"lazy\" decoding=\"async\" width=\"1200\" height=\"800\" class=\"wp-block-cover__image-background wp-image-247 size-full\" alt=\"\" src=\"https:\/\/cosma-events.com\/wp-content\/uploads\/2025\/10\/cosma-raid-entreprise-1.jpg\" style=\"object-position:63% 65%\" data-object-fit=\"cover\" data-object-position=\"63% 65%\" srcset=\"https:\/\/cosma-events.com\/wp-content\/uploads\/2025\/10\/cosma-raid-entreprise-1.jpg 1200w, https:\/\/cosma-events.com\/wp-content\/uploads\/2025\/10\/cosma-raid-entreprise-1-300x200.jpg 300w, https:\/\/cosma-events.com\/wp-content\/uploads\/2025\/10\/cosma-raid-entreprise-1-1024x683.jpg 1024w, https:\/\/cosma-events.com\/wp-content\/uploads\/2025\/10\/cosma-raid-entreprise-1-768x512.jpg 768w, https:\/\/cosma-events.com\/wp-content\/uploads\/2025\/10\/cosma-raid-entreprise-1-930x620.jpg 930w\" sizes=\"auto, (max-width: 1200px) 100vw, 1200px\" \/><span aria-hidden=\"true\" class=\"wp-block-cover__background has-neve-link-hover-color-background-color has-background-dim\"><\/span><div class=\"wp-block-cover__inner-container is-layout-flow wp-block-cover-is-layout-flow\">\n<div class=\"wp-block-columns alignwide is-layout-flex wp-container-core-columns-is-layout-9d6595d7 wp-block-columns-is-layout-flex\">\n<div class=\"wp-block-column is-vertically-aligned-center is-layout-flow wp-block-column-is-layout-flow\" style=\"flex-basis:66.66%\">\n<h1 class=\"wp-block-heading has-text-align-left has-nv-site-bg-color has-text-color\">Raid entreprise<\/h1>\n\n\n\n<p class=\"has-text-align-left has-nv-light-bg-color has-text-color\">VTT\/VTTAE, Via ferrata, biathlon &amp; course d&rsquo;orientation<\/p>\n\n\n\n<div class=\"wp-block-buttons is-horizontal is-content-justification-left is-layout-flex wp-container-core-buttons-is-layout-7e5fce0a wp-block-buttons-is-layout-flex\">\n<div class=\"wp-block-button is-style-primary\"><a class=\"wp-block-button__link has-nv-c-1-color has-nv-site-bg-background-color has-text-color has-background has-link-color wp-element-button\" href=\"https:\/\/cosma-events.com\/index.php\/raid-entreprise\/\">D\u00e9couvrir le programme<\/a><\/div>\n<\/div>\n<\/div>\n\n\n\n<div class=\"wp-block-column is-layout-flow wp-block-column-is-layout-flow\" style=\"flex-basis:33.33%\"><\/div>\n<\/div>\n<\/div><\/div>\n\n\n\n<div class=\"wp-block-cover alignfull\" style=\"min-height:500px;aspect-ratio:unset;\"><img loading=\"lazy\" decoding=\"async\" width=\"1200\" height=\"900\" class=\"wp-block-cover__image-background wp-image-74 size-full\" alt=\"\" src=\"https:\/\/cosma-events.com\/wp-content\/uploads\/2025\/10\/cosma-rafting-2.jpg\" style=\"object-position:46% 63%\" data-object-fit=\"cover\" data-object-position=\"46% 63%\" srcset=\"https:\/\/cosma-events.com\/wp-content\/uploads\/2025\/10\/cosma-rafting-2.jpg 1200w, https:\/\/cosma-events.com\/wp-content\/uploads\/2025\/10\/cosma-rafting-2-300x225.jpg 300w, https:\/\/cosma-events.com\/wp-content\/uploads\/2025\/10\/cosma-rafting-2-1024x768.jpg 1024w, https:\/\/cosma-events.com\/wp-content\/uploads\/2025\/10\/cosma-rafting-2-768x576.jpg 768w\" sizes=\"auto, (max-width: 1200px) 100vw, 1200px\" \/><span aria-hidden=\"true\" class=\"wp-block-cover__background has-neve-link-hover-color-background-color has-background-dim\"><\/span><div class=\"wp-block-cover__inner-container is-layout-flow wp-block-cover-is-layout-flow\">\n<div class=\"wp-block-columns alignwide is-layout-flex wp-container-core-columns-is-layout-9d6595d7 wp-block-columns-is-layout-flex\">\n<div class=\"wp-block-column is-layout-flow wp-block-column-is-layout-flow\" style=\"flex-basis:33.33%\"><\/div>\n\n\n\n<div class=\"wp-block-column is-vertically-aligned-center is-layout-flow wp-block-column-is-layout-flow\" style=\"flex-basis:66.66%\">\n<h1 class=\"wp-block-heading has-text-align-right has-nv-site-bg-color has-text-color\">Journ\u00e9e Multisports<\/h1>\n\n\n\n<p class=\"has-text-align-right has-nv-light-bg-color has-text-color\">Accrobranche, rafting &amp; mini golf avec des alternatives non sportives<\/p>\n\n\n\n<div class=\"wp-block-buttons is-horizontal is-content-justification-right is-layout-flex wp-container-core-buttons-is-layout-ae2fe186 wp-block-buttons-is-layout-flex\">\n<div class=\"wp-block-button is-style-primary\"><a class=\"wp-block-button__link has-nv-c-1-color has-nv-site-bg-background-color has-text-color has-background has-link-color wp-element-button\" href=\"https:\/\/cosma-events.com\/index.php\/journee-multisports\/\">D\u00e9couvrir le programme<\/a><\/div>\n<\/div>\n<\/div>\n<\/div>\n<\/div><\/div>\n\n\n\n<div class=\"wp-block-cover alignfull\" style=\"min-height:500px;aspect-ratio:unset;\"><img loading=\"lazy\" decoding=\"async\" width=\"1200\" height=\"800\" class=\"wp-block-cover__image-background wp-image-153 size-full\" alt=\"\" src=\"https:\/\/cosma-events.com\/wp-content\/uploads\/2025\/10\/cosma-raid-entreprise-2.jpg\" style=\"object-position:65% 78%\" data-object-fit=\"cover\" data-object-position=\"65% 78%\" srcset=\"https:\/\/cosma-events.com\/wp-content\/uploads\/2025\/10\/cosma-raid-entreprise-2.jpg 1200w, https:\/\/cosma-events.com\/wp-content\/uploads\/2025\/10\/cosma-raid-entreprise-2-300x200.jpg 300w, https:\/\/cosma-events.com\/wp-content\/uploads\/2025\/10\/cosma-raid-entreprise-2-1024x683.jpg 1024w, https:\/\/cosma-events.com\/wp-content\/uploads\/2025\/10\/cosma-raid-entreprise-2-768x512.jpg 768w, https:\/\/cosma-events.com\/wp-content\/uploads\/2025\/10\/cosma-raid-entreprise-2-930x620.jpg 930w\" sizes=\"auto, (max-width: 1200px) 100vw, 1200px\" \/><span aria-hidden=\"true\" class=\"wp-block-cover__background has-neve-link-hover-color-background-color has-background-dim\"><\/span><div class=\"wp-block-cover__inner-container is-layout-flow wp-block-cover-is-layout-flow\">\n<div class=\"wp-block-columns alignwide is-layout-flex wp-container-core-columns-is-layout-9d6595d7 wp-block-columns-is-layout-flex\">\n<div class=\"wp-block-column is-vertically-aligned-center is-layout-flow wp-block-column-is-layout-flow\" style=\"flex-basis:66.66%\">\n<h1 class=\"wp-block-heading has-text-align-left has-nv-site-bg-color has-text-color\">Initiation curling<\/h1>\n\n\n\n<p class=\"has-text-align-left has-nv-light-bg-color has-text-color\">Envie de d\u00e9couvrir une nouvelle activit\u00e9 ?<\/p>\n<\/div>\n\n\n\n<div class=\"wp-block-column is-layout-flow wp-block-column-is-layout-flow\" style=\"flex-basis:33.33%\"><\/div>\n<\/div>\n<\/div><\/div>\n\n\n\n<div class=\"wp-block-cover alignfull\" style=\"min-height:500px;aspect-ratio:unset;\"><img loading=\"lazy\" decoding=\"async\" width=\"1200\" height=\"900\" class=\"wp-block-cover__image-background wp-image-164 size-full\" alt=\"\" src=\"https:\/\/cosma-events.com\/wp-content\/uploads\/2025\/10\/cosma-raid-entreprise-4.jpg\" data-object-fit=\"cover\" srcset=\"https:\/\/cosma-events.com\/wp-content\/uploads\/2025\/10\/cosma-raid-entreprise-4.jpg 1200w, https:\/\/cosma-events.com\/wp-content\/uploads\/2025\/10\/cosma-raid-entreprise-4-300x225.jpg 300w, https:\/\/cosma-events.com\/wp-content\/uploads\/2025\/10\/cosma-raid-entreprise-4-1024x768.jpg 1024w, https:\/\/cosma-events.com\/wp-content\/uploads\/2025\/10\/cosma-raid-entreprise-4-768x576.jpg 768w\" sizes=\"auto, (max-width: 1200px) 100vw, 1200px\" \/><span aria-hidden=\"true\" class=\"wp-block-cover__background has-neve-link-hover-color-background-color has-background-dim\"><\/span><div class=\"wp-block-cover__inner-container is-layout-flow wp-block-cover-is-layout-flow\">\n<div class=\"wp-block-columns alignwide is-layout-flex wp-container-core-columns-is-layout-9d6595d7 wp-block-columns-is-layout-flex\">\n<div class=\"wp-block-column is-layout-flow wp-block-column-is-layout-flow\" style=\"flex-basis:33.33%\"><\/div>\n\n\n\n<div class=\"wp-block-column is-vertically-aligned-center is-layout-flow wp-block-column-is-layout-flow\" style=\"flex-basis:66.66%\">\n<h1 class=\"wp-block-heading has-text-align-right has-nv-site-bg-color has-text-color\">Aventure entreprise<\/h1>\n\n\n\n<p class=\"has-text-align-right has-nv-light-bg-color has-text-color\">Epreuve d&rsquo;adresse et de logique en \u00e9quipe <\/p>\n<\/div>\n<\/div>\n<\/div><\/div>\n\n\n\n<div style=\"height:64px\" aria-hidden=\"true\" class=\"wp-block-spacer\"><\/div>\n<\/div><\/div>\n<\/div><\/div>\n","protected":false},"excerpt":{"rendered":"<p>ADAPTE &amp; PERSONALISE Forte de son exp\u00e9rience dans l\u2019organisation de comp\u00e9titions internationales, Cosma Events met d\u00e9sormais son savoir-faire au service des entreprises. Cosma Events con\u00e7oit et r\u00e9alise des s\u00e9minaires, team buildings et projets d\u2019entreprise sur mesure, inspir\u00e9s des valeurs fortes du sport : esprit d\u2019\u00e9quipe, d\u00e9passement de soi, coh\u00e9sion et excellence. Chaque journ\u00e9e est pens\u00e9&hellip;&nbsp;<a href=\"https:\/\/cosma-events.com\/index.php\/offre-entreprise\/\" rel=\"bookmark\"><span class=\"screen-reader-text\">Offre entreprise<\/span><\/a><\/p>\n","protected":false},"author":2,"featured_media":0,"parent":0,"menu_order":0,"comment_status":"closed","ping_status":"closed","template":"","meta":{"neve_meta_sidebar":"","neve_meta_container":"","neve_meta_enable_content_width":"","neve_meta_content_width":0,"neve_meta_title_alignment":"","neve_meta_author_avatar":"","neve_post_elements_order":"","neve_meta_disable_header":"","neve_meta_disable_footer":"","neve_meta_disable_title":"on","footnotes":""},"class_list":["post-145","page","type-page","status-publish","hentry"],"yoast_head":"<!-- This site is optimized with the Yoast SEO plugin v26.2 - https:\/\/yoast.com\/wordpress\/plugins\/seo\/ -->\n<title>Offre entreprise - Cosma Events<\/title>\n<meta name=\"robots\" content=\"index, follow, max-snippet:-1, max-image-preview:large, max-video-preview:-1\" \/>\n<link rel=\"canonical\" href=\"https:\/\/cosma-events.com\/index.php\/offre-entreprise\/\" \/>\n<meta property=\"og:locale\" content=\"fr_FR\" \/>\n<meta property=\"og:type\" content=\"article\" \/>\n<meta property=\"og:title\" content=\"Offre entreprise - Cosma Events\" \/>\n<meta property=\"og:description\" content=\"ADAPTE &amp; PERSONALISE Forte de son exp\u00e9rience dans l\u2019organisation de comp\u00e9titions internationales, Cosma Events met d\u00e9sormais son savoir-faire au service des entreprises. Cosma Events con\u00e7oit et r\u00e9alise des s\u00e9minaires, team buildings et projets d\u2019entreprise sur mesure, inspir\u00e9s des valeurs fortes du sport : esprit d\u2019\u00e9quipe, d\u00e9passement de soi, coh\u00e9sion et excellence. Chaque journ\u00e9e est pens\u00e9&hellip;&nbsp;Offre entreprise\" \/>\n<meta property=\"og:url\" content=\"https:\/\/cosma-events.com\/index.php\/offre-entreprise\/\" \/>\n<meta property=\"og:site_name\" content=\"Cosma Events\" \/>\n<meta property=\"article:modified_time\" content=\"2026-03-06T08:10:48+00:00\" \/>\n<meta property=\"og:image\" content=\"https:\/\/cosma-events.com\/wp-content\/uploads\/2025\/10\/cosma-raid-entreprise-3.jpg\" \/>\n\t<meta property=\"og:image:width\" content=\"1200\" \/>\n\t<meta property=\"og:image:height\" content=\"900\" \/>\n\t<meta property=\"og:image:type\" content=\"image\/jpeg\" \/>\n<meta name=\"twitter:card\" content=\"summary_large_image\" \/>\n<meta name=\"twitter:label1\" content=\"Dur\u00e9e de lecture estim\u00e9e\" \/>\n\t<meta name=\"twitter:data1\" content=\"2 minutes\" \/>\n<script type=\"application\/ld+json\" class=\"yoast-schema-graph\">{\"@context\":\"https:\/\/schema.org\",\"@graph\":[{\"@type\":\"WebPage\",\"@id\":\"https:\/\/cosma-events.com\/index.php\/offre-entreprise\/\",\"url\":\"https:\/\/cosma-events.com\/index.php\/offre-entreprise\/\",\"name\":\"Offre entreprise - Cosma Events\",\"isPartOf\":{\"@id\":\"https:\/\/cosma-events.com\/#website\"},\"primaryImageOfPage\":{\"@id\":\"https:\/\/cosma-events.com\/index.php\/offre-entreprise\/#primaryimage\"},\"image\":{\"@id\":\"https:\/\/cosma-events.com\/index.php\/offre-entreprise\/#primaryimage\"},\"thumbnailUrl\":\"https:\/\/cosma-events.com\/wp-content\/uploads\/2025\/10\/cosma-raid-entreprise-3-1024x768.jpg\",\"datePublished\":\"2025-10-29T10:39:32+00:00\",\"dateModified\":\"2026-03-06T08:10:48+00:00\",\"breadcrumb\":{\"@id\":\"https:\/\/cosma-events.com\/index.php\/offre-entreprise\/#breadcrumb\"},\"inLanguage\":\"fr-FR\",\"potentialAction\":[{\"@type\":\"ReadAction\",\"target\":[\"https:\/\/cosma-events.com\/index.php\/offre-entreprise\/\"]}]},{\"@type\":\"ImageObject\",\"inLanguage\":\"fr-FR\",\"@id\":\"https:\/\/cosma-events.com\/index.php\/offre-entreprise\/#primaryimage\",\"url\":\"https:\/\/cosma-events.com\/wp-content\/uploads\/2025\/10\/cosma-raid-entreprise-3.jpg\",\"contentUrl\":\"https:\/\/cosma-events.com\/wp-content\/uploads\/2025\/10\/cosma-raid-entreprise-3.jpg\",\"width\":1200,\"height\":900},{\"@type\":\"BreadcrumbList\",\"@id\":\"https:\/\/cosma-events.com\/index.php\/offre-entreprise\/#breadcrumb\",\"itemListElement\":[{\"@type\":\"ListItem\",\"position\":1,\"name\":\"Accueil\",\"item\":\"https:\/\/cosma-events.com\/\"},{\"@type\":\"ListItem\",\"position\":2,\"name\":\"Offre entreprise\"}]},{\"@type\":\"WebSite\",\"@id\":\"https:\/\/cosma-events.com\/#website\",\"url\":\"https:\/\/cosma-events.com\/\",\"name\":\"Cosma Events\",\"description\":\"\",\"potentialAction\":[{\"@type\":\"SearchAction\",\"target\":{\"@type\":\"EntryPoint\",\"urlTemplate\":\"https:\/\/cosma-events.com\/?s={search_term_string}\"},\"query-input\":{\"@type\":\"PropertyValueSpecification\",\"valueRequired\":true,\"valueName\":\"search_term_string\"}}],\"inLanguage\":\"fr-FR\"}]}<\/script>\n<!-- \/ Yoast SEO plugin. -->","yoast_head_json":{"title":"Offre entreprise - Cosma Events","robots":{"index":"index","follow":"follow","max-snippet":"max-snippet:-1","max-image-preview":"max-image-preview:large","max-video-preview":"max-video-preview:-1"},"canonical":"https:\/\/cosma-events.com\/index.php\/offre-entreprise\/","og_locale":"fr_FR","og_type":"article","og_title":"Offre entreprise - Cosma Events","og_description":"ADAPTE &amp; PERSONALISE Forte de son exp\u00e9rience dans l\u2019organisation de comp\u00e9titions internationales, Cosma Events met d\u00e9sormais son savoir-faire au service des entreprises. Cosma Events con\u00e7oit et r\u00e9alise des s\u00e9minaires, team buildings et projets d\u2019entreprise sur mesure, inspir\u00e9s des valeurs fortes du sport : esprit d\u2019\u00e9quipe, d\u00e9passement de soi, coh\u00e9sion et excellence. Chaque journ\u00e9e est pens\u00e9&hellip;&nbsp;Offre entreprise","og_url":"https:\/\/cosma-events.com\/index.php\/offre-entreprise\/","og_site_name":"Cosma Events","article_modified_time":"2026-03-06T08:10:48+00:00","og_image":[{"width":1200,"height":900,"url":"https:\/\/cosma-events.com\/wp-content\/uploads\/2025\/10\/cosma-raid-entreprise-3.jpg","type":"image\/jpeg"}],"twitter_card":"summary_large_image","twitter_misc":{"Dur\u00e9e de lecture estim\u00e9e":"2 minutes"},"schema":{"@context":"https:\/\/schema.org","@graph":[{"@type":"WebPage","@id":"https:\/\/cosma-events.com\/index.php\/offre-entreprise\/","url":"https:\/\/cosma-events.com\/index.php\/offre-entreprise\/","name":"Offre entreprise - Cosma Events","isPartOf":{"@id":"https:\/\/cosma-events.com\/#website"},"primaryImageOfPage":{"@id":"https:\/\/cosma-events.com\/index.php\/offre-entreprise\/#primaryimage"},"image":{"@id":"https:\/\/cosma-events.com\/index.php\/offre-entreprise\/#primaryimage"},"thumbnailUrl":"https:\/\/cosma-events.com\/wp-content\/uploads\/2025\/10\/cosma-raid-entreprise-3-1024x768.jpg","datePublished":"2025-10-29T10:39:32+00:00","dateModified":"2026-03-06T08:10:48+00:00","breadcrumb":{"@id":"https:\/\/cosma-events.com\/index.php\/offre-entreprise\/#breadcrumb"},"inLanguage":"fr-FR","potentialAction":[{"@type":"ReadAction","target":["https:\/\/cosma-events.com\/index.php\/offre-entreprise\/"]}]},{"@type":"ImageObject","inLanguage":"fr-FR","@id":"https:\/\/cosma-events.com\/index.php\/offre-entreprise\/#primaryimage","url":"https:\/\/cosma-events.com\/wp-content\/uploads\/2025\/10\/cosma-raid-entreprise-3.jpg","contentUrl":"https:\/\/cosma-events.com\/wp-content\/uploads\/2025\/10\/cosma-raid-entreprise-3.jpg","width":1200,"height":900},{"@type":"BreadcrumbList","@id":"https:\/\/cosma-events.com\/index.php\/offre-entreprise\/#breadcrumb","itemListElement":[{"@type":"ListItem","position":1,"name":"Accueil","item":"https:\/\/cosma-events.com\/"},{"@type":"ListItem","position":2,"name":"Offre entreprise"}]},{"@type":"WebSite","@id":"https:\/\/cosma-events.com\/#website","url":"https:\/\/cosma-events.com\/","name":"Cosma Events","description":"","potentialAction":[{"@type":"SearchAction","target":{"@type":"EntryPoint","urlTemplate":"https:\/\/cosma-events.com\/?s={search_term_string}"},"query-input":{"@type":"PropertyValueSpecification","valueRequired":true,"valueName":"search_term_string"}}],"inLanguage":"fr-FR"}]}},"_links":{"self":[{"href":"https:\/\/cosma-events.com\/index.php\/wp-json\/wp\/v2\/pages\/145","targetHints":{"allow":["GET"]}}],"collection":[{"href":"https:\/\/cosma-events.com\/index.php\/wp-json\/wp\/v2\/pages"}],"about":[{"href":"https:\/\/cosma-events.com\/index.php\/wp-json\/wp\/v2\/types\/page"}],"author":[{"embeddable":true,"href":"https:\/\/cosma-events.com\/index.php\/wp-json\/wp\/v2\/users\/2"}],"replies":[{"embeddable":true,"href":"https:\/\/cosma-events.com\/index.php\/wp-json\/wp\/v2\/comments?post=145"}],"version-history":[{"count":22,"href":"https:\/\/cosma-events.com\/index.php\/wp-json\/wp\/v2\/pages\/145\/revisions"}],"predecessor-version":[{"id":419,"href":"https:\/\/cosma-events.com\/index.php\/wp-json\/wp\/v2\/pages\/145\/revisions\/419"}],"wp:attachment":[{"href":"https:\/\/cosma-events.com\/index.php\/wp-json\/wp\/v2\/media?parent=145"}],"curies":[{"name":"wp","href":"https:\/\/api.w.org\/{rel}","templated":true}]}}