{"id":288,"date":"2025-10-30T10:10:49","date_gmt":"2025-10-30T10:10:49","guid":{"rendered":"https:\/\/cosma-events.com\/?page_id=288"},"modified":"2025-10-30T10:17:24","modified_gmt":"2025-10-30T10:17:24","slug":"parcours-permanents-dorientation","status":"publish","type":"page","link":"https:\/\/cosma-events.com\/index.php\/parcours-permanents-dorientation\/","title":{"rendered":"Parcours permanents d&rsquo;orientation"},"content":{"rendered":"\n<div class=\"wp-block-cover alignfull is-light\" style=\"min-height:700px;aspect-ratio:unset;\"><img loading=\"lazy\" decoding=\"async\" width=\"1024\" height=\"683\" class=\"wp-block-cover__image-background wp-image-289 size-large\" alt=\"\" src=\"https:\/\/cosma-events.com\/wp-content\/uploads\/2025\/10\/Cosma-Parcours-permanents-dorientation-1024x683.jpg\" style=\"object-position:62% 60%\" data-object-fit=\"cover\" data-object-position=\"62% 60%\" srcset=\"https:\/\/cosma-events.com\/wp-content\/uploads\/2025\/10\/Cosma-Parcours-permanents-dorientation-1024x683.jpg 1024w, https:\/\/cosma-events.com\/wp-content\/uploads\/2025\/10\/Cosma-Parcours-permanents-dorientation-300x200.jpg 300w, https:\/\/cosma-events.com\/wp-content\/uploads\/2025\/10\/Cosma-Parcours-permanents-dorientation-768x512.jpg 768w, https:\/\/cosma-events.com\/wp-content\/uploads\/2025\/10\/Cosma-Parcours-permanents-dorientation-930x620.jpg 930w, https:\/\/cosma-events.com\/wp-content\/uploads\/2025\/10\/Cosma-Parcours-permanents-dorientation.jpg 1200w\" sizes=\"auto, (max-width: 1024px) 100vw, 1024px\" \/><span aria-hidden=\"true\" class=\"wp-block-cover__background has-neve-link-hover-color-background-color has-background-dim\"><\/span><div class=\"wp-block-cover__inner-container is-layout-flow wp-block-cover-is-layout-flow\">\n<h1 class=\"wp-block-heading has-text-align-center has-white-color has-text-color\">Parcours permanents d&rsquo;orientation (PPO)<\/h1>\n<\/div><\/div>\n\n\n\n<div class=\"wp-block-group alignfull has-nv-site-bg-background-color has-background\"><div class=\"wp-block-group__inner-container is-layout-flow wp-block-group-is-layout-flow\">\n<div style=\"height:70px\" aria-hidden=\"true\" class=\"wp-block-spacer\"><\/div>\n\n\n\n<div class=\"wp-block-columns alignwide are-vertically-aligned-center is-layout-flex wp-container-core-columns-is-layout-9d6595d7 wp-block-columns-is-layout-flex\">\n<div class=\"wp-block-column is-layout-flow wp-block-column-is-layout-flow\" style=\"flex-basis:50%\">\n<p class=\"has-text-color\" style=\"color:#000000;font-size:30px;line-height:1.1\"><strong>LUDIQUE ET 4 SAISONS<\/strong><\/p>\n<\/div>\n\n\n\n<div class=\"wp-block-column is-layout-flow wp-block-column-is-layout-flow\" style=\"flex-basis:50%\">\n<hr class=\"wp-block-separator has-text-color has-css-opacity has-background is-style-wide\" style=\"background-color:#000000;color:#000000\"\/>\n<\/div>\n<\/div>\n\n\n\n<div class=\"wp-block-columns alignwide is-layout-flex wp-container-core-columns-is-layout-9d6595d7 wp-block-columns-is-layout-flex\">\n<div class=\"wp-block-column is-layout-flow wp-block-column-is-layout-flow\">\n<p class=\"has-text-color has-extra-small-font-size\" style=\"color:#000000\">Un Parcours Permanent d\u2019Orientation (PPO) est bien plus qu\u2019un simple itin\u00e9raire : c\u2019est un v\u00e9ritable outil \u00e9ducatif, sportif et touristique. Il permet \u00e0 tous, d\u00e9butants comme experts, de pratiquer ou d\u00e9couvrir l\u2019orientation \u00e0 son rythme, en toute saison, tout en favorisant la d\u00e9couverte du milieu naturel.<\/p>\n\n\n\n<p>Cette installation stimule la lecture de carte, l\u2019esprit de strat\u00e9gie et l\u2019autonomie, tout en encourageant l\u2019activit\u00e9 physique en ext\u00e9rieur. Les parcours th\u00e9matiques ou modulables offrent une exp\u00e9rience ludique et p\u00e9dagogique, adapt\u00e9e aux \u00e9coles, clubs ou familles.<\/p>\n\n\n\n<p class=\"has-text-color has-extra-small-font-size\" style=\"color:#000000\">En activant le parcours lors de comp\u00e9titions ou \u00e9v\u00e9nements, le PPO devient un moteur d\u2019animation locale et de coh\u00e9sion sociale, attirant visiteurs et pratiquants. Il valorise le territoire, renforce la pratique sportive durable et offre un cadre s\u00e9curis\u00e9 pour tous ceux qui souhaitent allier nature, sport et d\u00e9couverte.<\/p>\n<\/div>\n<\/div>\n\n\n\n<div class=\"wp-block-group alignfull has-text-color has-background\" style=\"color:#000000;background-color:#ffffff\"><div class=\"wp-block-group__inner-container is-layout-flow wp-block-group-is-layout-flow\">\n<div style=\"height:30px\" aria-hidden=\"true\" class=\"wp-block-spacer\"><\/div>\n\n\n\n<div class=\"wp-block-buttons is-horizontal is-content-justification-center is-layout-flex wp-container-core-buttons-is-layout-499968f5 wp-block-buttons-is-layout-flex\">\n<div class=\"wp-block-button has-custom-width wp-block-button__width-50\"><a class=\"wp-block-button__link has-neve-link-hover-color-background-color has-text-color has-background wp-element-button\" style=\"border-radius:50px;color:#ffffff\">Nous contacter<\/a><\/div>\n<\/div>\n\n\n\n<div style=\"height:64px\" aria-hidden=\"true\" class=\"wp-block-spacer\"><\/div>\n<\/div><\/div>\n<\/div><\/div>\n","protected":false},"excerpt":{"rendered":"<p>LUDIQUE ET 4 SAISONS Un Parcours Permanent d\u2019Orientation (PPO) est bien plus qu\u2019un simple itin\u00e9raire : c\u2019est un v\u00e9ritable outil \u00e9ducatif, sportif et touristique. Il permet \u00e0 tous, d\u00e9butants comme experts, de pratiquer ou d\u00e9couvrir l\u2019orientation \u00e0 son rythme, en toute saison, tout en favorisant la d\u00e9couverte du milieu naturel. Cette installation stimule la lecture&hellip;&nbsp;<a href=\"https:\/\/cosma-events.com\/index.php\/parcours-permanents-dorientation\/\" rel=\"bookmark\"><span class=\"screen-reader-text\">Parcours permanents d&rsquo;orientation<\/span><\/a><\/p>\n","protected":false},"author":2,"featured_media":0,"parent":0,"menu_order":0,"comment_status":"closed","ping_status":"closed","template":"","meta":{"neve_meta_sidebar":"","neve_meta_container":"","neve_meta_enable_content_width":"","neve_meta_content_width":0,"neve_meta_title_alignment":"","neve_meta_author_avatar":"","neve_post_elements_order":"","neve_meta_disable_header":"","neve_meta_disable_footer":"","neve_meta_disable_title":"on","footnotes":""},"class_list":["post-288","page","type-page","status-publish","hentry"],"yoast_head":"<!-- This site is optimized with the Yoast SEO plugin v26.2 - https:\/\/yoast.com\/wordpress\/plugins\/seo\/ -->\n<title>Parcours permanents d&#039;orientation - Cosma Events<\/title>\n<meta name=\"robots\" content=\"index, follow, max-snippet:-1, max-image-preview:large, max-video-preview:-1\" \/>\n<link rel=\"canonical\" href=\"https:\/\/cosma-events.com\/index.php\/parcours-permanents-dorientation\/\" \/>\n<meta property=\"og:locale\" content=\"fr_FR\" \/>\n<meta property=\"og:type\" content=\"article\" \/>\n<meta property=\"og:title\" content=\"Parcours permanents d&#039;orientation - Cosma Events\" \/>\n<meta property=\"og:description\" content=\"LUDIQUE ET 4 SAISONS Un Parcours Permanent d\u2019Orientation (PPO) est bien plus qu\u2019un simple itin\u00e9raire : c\u2019est un v\u00e9ritable outil \u00e9ducatif, sportif et touristique. Il permet \u00e0 tous, d\u00e9butants comme experts, de pratiquer ou d\u00e9couvrir l\u2019orientation \u00e0 son rythme, en toute saison, tout en favorisant la d\u00e9couverte du milieu naturel. Cette installation stimule la lecture&hellip;&nbsp;Parcours permanents d&rsquo;orientation\" \/>\n<meta property=\"og:url\" content=\"https:\/\/cosma-events.com\/index.php\/parcours-permanents-dorientation\/\" \/>\n<meta property=\"og:site_name\" content=\"Cosma Events\" \/>\n<meta property=\"article:modified_time\" content=\"2025-10-30T10:17:24+00:00\" \/>\n<meta property=\"og:image\" content=\"https:\/\/cosma-events.com\/wp-content\/uploads\/2025\/10\/Cosma-Parcours-permanents-dorientation.jpg\" \/>\n\t<meta property=\"og:image:width\" content=\"1200\" \/>\n\t<meta property=\"og:image:height\" content=\"800\" \/>\n\t<meta property=\"og:image:type\" content=\"image\/jpeg\" \/>\n<meta name=\"twitter:card\" content=\"summary_large_image\" \/>\n<meta name=\"twitter:label1\" content=\"Dur\u00e9e de lecture estim\u00e9e\" \/>\n\t<meta name=\"twitter:data1\" content=\"2 minutes\" \/>\n<script type=\"application\/ld+json\" class=\"yoast-schema-graph\">{\"@context\":\"https:\/\/schema.org\",\"@graph\":[{\"@type\":\"WebPage\",\"@id\":\"https:\/\/cosma-events.com\/index.php\/parcours-permanents-dorientation\/\",\"url\":\"https:\/\/cosma-events.com\/index.php\/parcours-permanents-dorientation\/\",\"name\":\"Parcours permanents d'orientation - Cosma Events\",\"isPartOf\":{\"@id\":\"https:\/\/cosma-events.com\/#website\"},\"primaryImageOfPage\":{\"@id\":\"https:\/\/cosma-events.com\/index.php\/parcours-permanents-dorientation\/#primaryimage\"},\"image\":{\"@id\":\"https:\/\/cosma-events.com\/index.php\/parcours-permanents-dorientation\/#primaryimage\"},\"thumbnailUrl\":\"https:\/\/cosma-events.com\/wp-content\/uploads\/2025\/10\/Cosma-Parcours-permanents-dorientation-1024x683.jpg\",\"datePublished\":\"2025-10-30T10:10:49+00:00\",\"dateModified\":\"2025-10-30T10:17:24+00:00\",\"breadcrumb\":{\"@id\":\"https:\/\/cosma-events.com\/index.php\/parcours-permanents-dorientation\/#breadcrumb\"},\"inLanguage\":\"fr-FR\",\"potentialAction\":[{\"@type\":\"ReadAction\",\"target\":[\"https:\/\/cosma-events.com\/index.php\/parcours-permanents-dorientation\/\"]}]},{\"@type\":\"ImageObject\",\"inLanguage\":\"fr-FR\",\"@id\":\"https:\/\/cosma-events.com\/index.php\/parcours-permanents-dorientation\/#primaryimage\",\"url\":\"https:\/\/cosma-events.com\/wp-content\/uploads\/2025\/10\/Cosma-Parcours-permanents-dorientation.jpg\",\"contentUrl\":\"https:\/\/cosma-events.com\/wp-content\/uploads\/2025\/10\/Cosma-Parcours-permanents-dorientation.jpg\",\"width\":1200,\"height\":800},{\"@type\":\"BreadcrumbList\",\"@id\":\"https:\/\/cosma-events.com\/index.php\/parcours-permanents-dorientation\/#breadcrumb\",\"itemListElement\":[{\"@type\":\"ListItem\",\"position\":1,\"name\":\"Accueil\",\"item\":\"https:\/\/cosma-events.com\/\"},{\"@type\":\"ListItem\",\"position\":2,\"name\":\"Parcours permanents d&rsquo;orientation\"}]},{\"@type\":\"WebSite\",\"@id\":\"https:\/\/cosma-events.com\/#website\",\"url\":\"https:\/\/cosma-events.com\/\",\"name\":\"Cosma Events\",\"description\":\"\",\"potentialAction\":[{\"@type\":\"SearchAction\",\"target\":{\"@type\":\"EntryPoint\",\"urlTemplate\":\"https:\/\/cosma-events.com\/?s={search_term_string}\"},\"query-input\":{\"@type\":\"PropertyValueSpecification\",\"valueRequired\":true,\"valueName\":\"search_term_string\"}}],\"inLanguage\":\"fr-FR\"}]}<\/script>\n<!-- \/ Yoast SEO plugin. -->","yoast_head_json":{"title":"Parcours permanents d'orientation - Cosma Events","robots":{"index":"index","follow":"follow","max-snippet":"max-snippet:-1","max-image-preview":"max-image-preview:large","max-video-preview":"max-video-preview:-1"},"canonical":"https:\/\/cosma-events.com\/index.php\/parcours-permanents-dorientation\/","og_locale":"fr_FR","og_type":"article","og_title":"Parcours permanents d'orientation - Cosma Events","og_description":"LUDIQUE ET 4 SAISONS Un Parcours Permanent d\u2019Orientation (PPO) est bien plus qu\u2019un simple itin\u00e9raire : c\u2019est un v\u00e9ritable outil \u00e9ducatif, sportif et touristique. Il permet \u00e0 tous, d\u00e9butants comme experts, de pratiquer ou d\u00e9couvrir l\u2019orientation \u00e0 son rythme, en toute saison, tout en favorisant la d\u00e9couverte du milieu naturel. Cette installation stimule la lecture&hellip;&nbsp;Parcours permanents d&rsquo;orientation","og_url":"https:\/\/cosma-events.com\/index.php\/parcours-permanents-dorientation\/","og_site_name":"Cosma Events","article_modified_time":"2025-10-30T10:17:24+00:00","og_image":[{"width":1200,"height":800,"url":"https:\/\/cosma-events.com\/wp-content\/uploads\/2025\/10\/Cosma-Parcours-permanents-dorientation.jpg","type":"image\/jpeg"}],"twitter_card":"summary_large_image","twitter_misc":{"Dur\u00e9e de lecture estim\u00e9e":"2 minutes"},"schema":{"@context":"https:\/\/schema.org","@graph":[{"@type":"WebPage","@id":"https:\/\/cosma-events.com\/index.php\/parcours-permanents-dorientation\/","url":"https:\/\/cosma-events.com\/index.php\/parcours-permanents-dorientation\/","name":"Parcours permanents d'orientation - Cosma Events","isPartOf":{"@id":"https:\/\/cosma-events.com\/#website"},"primaryImageOfPage":{"@id":"https:\/\/cosma-events.com\/index.php\/parcours-permanents-dorientation\/#primaryimage"},"image":{"@id":"https:\/\/cosma-events.com\/index.php\/parcours-permanents-dorientation\/#primaryimage"},"thumbnailUrl":"https:\/\/cosma-events.com\/wp-content\/uploads\/2025\/10\/Cosma-Parcours-permanents-dorientation-1024x683.jpg","datePublished":"2025-10-30T10:10:49+00:00","dateModified":"2025-10-30T10:17:24+00:00","breadcrumb":{"@id":"https:\/\/cosma-events.com\/index.php\/parcours-permanents-dorientation\/#breadcrumb"},"inLanguage":"fr-FR","potentialAction":[{"@type":"ReadAction","target":["https:\/\/cosma-events.com\/index.php\/parcours-permanents-dorientation\/"]}]},{"@type":"ImageObject","inLanguage":"fr-FR","@id":"https:\/\/cosma-events.com\/index.php\/parcours-permanents-dorientation\/#primaryimage","url":"https:\/\/cosma-events.com\/wp-content\/uploads\/2025\/10\/Cosma-Parcours-permanents-dorientation.jpg","contentUrl":"https:\/\/cosma-events.com\/wp-content\/uploads\/2025\/10\/Cosma-Parcours-permanents-dorientation.jpg","width":1200,"height":800},{"@type":"BreadcrumbList","@id":"https:\/\/cosma-events.com\/index.php\/parcours-permanents-dorientation\/#breadcrumb","itemListElement":[{"@type":"ListItem","position":1,"name":"Accueil","item":"https:\/\/cosma-events.com\/"},{"@type":"ListItem","position":2,"name":"Parcours permanents d&rsquo;orientation"}]},{"@type":"WebSite","@id":"https:\/\/cosma-events.com\/#website","url":"https:\/\/cosma-events.com\/","name":"Cosma Events","description":"","potentialAction":[{"@type":"SearchAction","target":{"@type":"EntryPoint","urlTemplate":"https:\/\/cosma-events.com\/?s={search_term_string}"},"query-input":{"@type":"PropertyValueSpecification","valueRequired":true,"valueName":"search_term_string"}}],"inLanguage":"fr-FR"}]}},"_links":{"self":[{"href":"https:\/\/cosma-events.com\/index.php\/wp-json\/wp\/v2\/pages\/288","targetHints":{"allow":["GET"]}}],"collection":[{"href":"https:\/\/cosma-events.com\/index.php\/wp-json\/wp\/v2\/pages"}],"about":[{"href":"https:\/\/cosma-events.com\/index.php\/wp-json\/wp\/v2\/types\/page"}],"author":[{"embeddable":true,"href":"https:\/\/cosma-events.com\/index.php\/wp-json\/wp\/v2\/users\/2"}],"replies":[{"embeddable":true,"href":"https:\/\/cosma-events.com\/index.php\/wp-json\/wp\/v2\/comments?post=288"}],"version-history":[{"count":2,"href":"https:\/\/cosma-events.com\/index.php\/wp-json\/wp\/v2\/pages\/288\/revisions"}],"predecessor-version":[{"id":292,"href":"https:\/\/cosma-events.com\/index.php\/wp-json\/wp\/v2\/pages\/288\/revisions\/292"}],"wp:attachment":[{"href":"https:\/\/cosma-events.com\/index.php\/wp-json\/wp\/v2\/media?parent=288"}],"curies":[{"name":"wp","href":"https:\/\/api.w.org\/{rel}","templated":true}]}}